{"id":7,"date":"2022-09-21T07:31:23","date_gmt":"2022-09-21T07:31:23","guid":{"rendered":"https:\/\/demo.creativethemes.com\/blocksy\/wood\/?page_id=7"},"modified":"2024-01-04T15:19:26","modified_gmt":"2024-01-04T14:19:26","slug":"home","status":"publish","type":"page","link":"https:\/\/nicolasbeau-ebeniste.com\/","title":{"rendered":"Home"},"content":{"rendered":"\n<div class=\"wp-block-stackable-columns alignfull stk-block-columns stk-block stk-a571e36 stk-block-background stk--has-background-overlay\" data-block-id=\"a571e36\"><style>.stk-a571e36{background-color:#000000 !important;background-image:url(https:\/\/nicolasbeau-ebeniste.com\/wp-content\/uploads\/2022\/09\/hero-background-image-2.webp) !important;padding-top:200px !important;padding-bottom:0px !important;margin-bottom:0px !important}.stk-a571e36:before{background-color:#000000 !important;opacity:0.8 !important}@media screen and (max-width:999px){.stk-a571e36{padding-top:150px !important}}@media screen and (max-width:689px){.stk-a571e36{padding-bottom:60px !important}}<\/style><div class=\"stk-row stk-inner-blocks stk-block-content stk-content-align stk-a571e36-column\">\n<div class=\"wp-block-stackable-column stk-block-column stk-column stk-block stk-070e7a0\" data-v=\"4\" data-block-id=\"070e7a0\"><style>.stk-070e7a0-container{margin-top:0px !important;margin-right:0px !important;margin-bottom:0px !important;margin-left:0px !important}.stk-070e7a0{padding-right:50px !important;padding-bottom:300px !important}@media screen and (min-width:690px){.stk-070e7a0{flex:1 1 calc(50% - var(--stk-column-gap,0px) * 1 \/ 2 ) !important}}@media screen and (max-width:999px){.stk-070e7a0{padding-bottom:180px !important}}@media screen and (max-width:689px){.stk-070e7a0{padding-right:0px !important;padding-bottom:60px !important}}<\/style><div class=\"stk-column-wrapper stk-block-column__content stk-container stk-070e7a0-container stk--no-background stk--no-padding\"><div class=\"stk-block-content stk-inner-blocks stk-070e7a0-inner-blocks\">\n<div class=\"wp-block-stackable-heading stk-block-heading stk-block-heading--v2 stk-block stk-faac4fa\" id=\"nicolas-beau\" data-block-id=\"faac4fa\"><style>.stk-faac4fa{margin-bottom:0px !important}.stk-faac4fa .stk-block-heading__text{font-size:50px !important;color:var(--theme-palette-color-8,#ffffff) !important}@media screen and (max-width:999px){.stk-faac4fa{margin-bottom:30px !important}.stk-faac4fa .stk-block-heading__text{font-size:40px !important}}<\/style><h2 class=\"stk-block-heading__text has-text-color has-text-align-center-mobile\">Nicolas Beau<\/h2><\/div>\n\n\n\n<div class=\"wp-block-stackable-heading stk-block-heading stk-block-heading--v2 stk-block stk-1dcc82d\" id=\"span-style-color-var-palette-color-8-ffffff-class-stk-highlight-artisan-ebeniste-a-vernon-span\" data-block-id=\"1dcc82d\"><style>.stk-1dcc82d{margin-bottom:0px !important}<\/style><h5 class=\"stk-block-heading__text\"><span style=\"color: var(--theme-palette-color-8, #ffffff);\" class=\"stk-highlight\">Artisan \u00e9b\u00e9niste \u00e0 Vernon<\/span><\/h5><\/div>\n\n\n\n<div class=\"wp-block-stackable-heading stk-block-heading stk-block-heading--v2 stk-block stk-37b8123\" id=\"span-style-color-var-palette-color-8-ffffff-class-stk-highlight-mobilier-agencement-objet-dart-span\" data-block-id=\"37b8123\"><style>.stk-37b8123{margin-bottom:0px !important}<\/style><h6 class=\"stk-block-heading__text\"><span style=\"color: var(--theme-palette-color-8, #ffffff);\" class=\"stk-highlight\">Mobilier | Agencement | Objet d&rsquo;art<\/span><\/h6><\/div>\n\n\n\n<div class=\"wp-block-stackable-heading stk-block-heading stk-block-heading--v2 stk-block stk-c0860de\" id=\"contact-nicolasbeau-ebeniste-com-06-27-77-80-68\" data-block-id=\"c0860de\"><style>.stk-c0860de{margin-bottom:15px !important}.stk-c0860de .stk-block-heading__text{color:var(--theme-palette-color-8,#ffffff) !important}<\/style><h6 class=\"stk-block-heading__text has-text-color\">contact@nicolasbeau-ebeniste.com | 06 27 77 80 68<\/h6><\/div>\n\n\n\n<div class=\"wp-block-stackable-button-group stk-block-button-group stk-block stk-6804953\" data-block-id=\"6804953\"><div class=\"stk-row stk-inner-blocks has-text-align-center-mobile stk-block-content stk-button-group\">\n<div class=\"wp-block-stackable-button stk-block-button stk-block stk-7803478\" data-block-id=\"7803478\"><style>.stk-7803478 .stk-button{padding-top:15px !important;padding-right:35px !important;padding-bottom:15px !important;padding-left:35px !important}.stk-7803478 .stk-button__inner-text{font-size:18px !important;font-weight:600 !important}@media screen and (max-width:999px){.stk-7803478 .stk-button__inner-text{font-size:18px !important}}<\/style><a class=\"stk-link stk-button stk--hover-effect-darken\" href=\"https:\/\/nicolasbeau-ebeniste.com\/index.php\/nos-valeurs\/\"><span class=\"stk-button__inner-text\">Nos Valeurs<\/span><\/a><\/div>\n\n\n\n<div class=\"wp-block-stackable-button stk-block-button stk-block stk-596159f\" data-block-id=\"596159f\"><style>.stk-596159f{margin-right:0px !important}.stk-596159f .stk-button{padding-top:15px !important;padding-right:35px !important;padding-bottom:15px !important;padding-left:35px !important}.stk-596159f .stk-button__inner-text{font-size:18px !important;font-weight:600 !important}@media screen and (max-width:999px){.stk-596159f .stk-button__inner-text{font-size:18px !important}}<\/style><a class=\"stk-link stk-button stk--hover-effect-darken\" href=\"https:\/\/nicolasbeau-ebeniste.com\/index.php\/work\/\" rel=\"https:\/\/nicolasbeau-ebeniste.com\/index.php\/work\/\"><span class=\"stk-button__inner-text\">R\u00e9alisations<\/span><\/a><\/div>\n<\/div><\/div>\n<\/div><\/div><\/div>\n\n\n\n<div class=\"wp-block-stackable-column stk-block-column stk-column stk-block stk-a4a04be\" data-v=\"4\" data-block-id=\"a4a04be\"><style>.stk-a4a04be-container{margin-top:0px !important;margin-right:0px !important;margin-bottom:0px !important;margin-left:0px !important}.stk-a4a04be-inner-blocks{justify-content:center !important}@media screen and (min-width:690px){.stk-a4a04be{flex:1 1 calc(50% - var(--stk-column-gap,0px) * 1 \/ 2 ) !important}}@media screen and (max-width:689px){.stk-a4a04be{min-height:300px !important}}<\/style><div class=\"stk-column-wrapper stk-block-column__content stk-container stk-a4a04be-container stk--no-background stk--no-padding\"><div class=\"stk--column-flex stk-block-content stk-inner-blocks stk-a4a04be-inner-blocks\">\n<div class=\"wp-block-stackable-image stk-block-image stk-block stk-afb0884\" data-block-id=\"afb0884\"><figure class=\"stk-img-wrapper stk-image--shape-stretch\"><img loading=\"lazy\" decoding=\"async\" class=\"stk-img wp-image-506\" src=\"https:\/\/nicolasbeau-ebeniste.com\/wp-content\/uploads\/2023\/10\/2.jpg\" width=\"1410\" height=\"1556\" alt=\"Damier en placage de bois\" srcset=\"https:\/\/nicolasbeau-ebeniste.com\/wp-content\/uploads\/2023\/10\/2.jpg 1410w, https:\/\/nicolasbeau-ebeniste.com\/wp-content\/uploads\/2023\/10\/2-272x300.jpg 272w, https:\/\/nicolasbeau-ebeniste.com\/wp-content\/uploads\/2023\/10\/2-928x1024.jpg 928w, https:\/\/nicolasbeau-ebeniste.com\/wp-content\/uploads\/2023\/10\/2-768x848.jpg 768w, https:\/\/nicolasbeau-ebeniste.com\/wp-content\/uploads\/2023\/10\/2-1392x1536.jpg 1392w\" sizes=\"auto, (max-width: 1410px) 100vw, 1410px\" \/><\/figure><\/div>\n<\/div><\/div><\/div>\n<\/div><\/div>\n\n\n\n<div class=\"wp-block-stackable-columns alignfull stk-block-columns stk-block stk-7aa3874\" data-block-id=\"7aa3874\"><style>.stk-7aa3874{padding-top:0px !important;padding-right:0px !important;padding-bottom:5px !important;padding-left:0px !important;margin-bottom:0px !important}@media screen and (max-width:999px){.stk-7aa3874{padding-bottom:80px !important}}@media screen and (max-width:689px){.stk-7aa3874{padding-bottom:60px !important}}<\/style><div class=\"stk-row stk-inner-blocks stk-block-content stk-content-align stk-7aa3874-column\">\n<div class=\"wp-block-stackable-column stk-block-column stk-column stk-block stk-bec8e53\" data-v=\"4\" data-block-id=\"bec8e53\"><style>.stk-bec8e53-container{margin-top:0px !important;margin-right:0px !important;margin-bottom:0px !important;margin-left:0px !important}@media screen and (min-width:690px){.stk-bec8e53{flex:1 1 calc(50% - var(--stk-column-gap,0px) * 1 \/ 2 ) !important}}<\/style><div class=\"stk-column-wrapper stk-block-column__content stk-container stk-bec8e53-container stk--no-background stk--no-padding\"><div class=\"stk-block-content stk-inner-blocks stk-bec8e53-inner-blocks\">\n<div class=\"wp-block-stackable-image stk-block-image stk-block stk-a3c0a17\" data-block-id=\"a3c0a17\"><style>.stk-a3c0a17{margin-top:-375px !important}@media screen and (max-width:999px){.stk-a3c0a17{margin-top:-100px !important}}@media screen and (max-width:689px){.stk-a3c0a17{margin-top:60px !important}}<\/style><figure class=\"stk-img-wrapper stk-image--shape-stretch\"><img loading=\"lazy\" decoding=\"async\" class=\"stk-img wp-image-479\" src=\"https:\/\/nicolasbeau-ebeniste.com\/wp-content\/uploads\/2023\/10\/kl_pp2023-ceremonie-76.webp\" width=\"1200\" height=\"800\" alt=\"Boite de mariage pour le rituel des sables, en \u00e9rable\" srcset=\"https:\/\/nicolasbeau-ebeniste.com\/wp-content\/uploads\/2023\/10\/kl_pp2023-ceremonie-76.webp 1200w, https:\/\/nicolasbeau-ebeniste.com\/wp-content\/uploads\/2023\/10\/kl_pp2023-ceremonie-76-300x200.webp 300w, https:\/\/nicolasbeau-ebeniste.com\/wp-content\/uploads\/2023\/10\/kl_pp2023-ceremonie-76-1024x683.webp 1024w, https:\/\/nicolasbeau-ebeniste.com\/wp-content\/uploads\/2023\/10\/kl_pp2023-ceremonie-76-768x512.webp 768w\" sizes=\"auto, (max-width: 1200px) 100vw, 1200px\" \/><\/figure><\/div>\n\n\n\n<div class=\"wp-block-stackable-image stk-block-image stk-block stk-86b43f5\" data-block-id=\"86b43f5\"><style>.stk-86b43f5{margin-top:-20px !important}@media screen and (max-width:999px){.stk-86b43f5{margin-top:-100px !important}}@media screen and (max-width:689px){.stk-86b43f5{margin-top:60px !important}}<\/style><figure class=\"stk-img-wrapper stk-image--shape-stretch\"><img loading=\"lazy\" decoding=\"async\" class=\"stk-img wp-image-449\" src=\"https:\/\/nicolasbeau-ebeniste.com\/wp-content\/uploads\/2023\/10\/test.jpg\" width=\"2080\" height=\"1720\" alt=\"Boite de mariage pour le rituel des sables, en \u00e9rable\" srcset=\"https:\/\/nicolasbeau-ebeniste.com\/wp-content\/uploads\/2023\/10\/test.jpg 2080w, https:\/\/nicolasbeau-ebeniste.com\/wp-content\/uploads\/2023\/10\/test-300x248.jpg 300w, https:\/\/nicolasbeau-ebeniste.com\/wp-content\/uploads\/2023\/10\/test-1024x847.jpg 1024w, https:\/\/nicolasbeau-ebeniste.com\/wp-content\/uploads\/2023\/10\/test-768x635.jpg 768w, https:\/\/nicolasbeau-ebeniste.com\/wp-content\/uploads\/2023\/10\/test-1536x1270.jpg 1536w, https:\/\/nicolasbeau-ebeniste.com\/wp-content\/uploads\/2023\/10\/test-2048x1694.jpg 2048w\" sizes=\"auto, (max-width: 2080px) 100vw, 2080px\" \/><\/figure><\/div>\n<\/div><\/div><\/div>\n\n\n\n<div class=\"wp-block-stackable-column stk-block-column stk-column stk-block stk-2b806ef\" data-v=\"4\" data-block-id=\"2b806ef\"><style>.stk-2b806ef-container{margin-top:0px !important;margin-right:0px !important;margin-bottom:0px !important;margin-left:0px !important}.stk-2b806ef{padding-top:90px !important;padding-right:0px !important;padding-left:90px !important}@media screen and (min-width:690px){.stk-2b806ef{flex:1 1 calc(50% - var(--stk-column-gap,0px) * 1 \/ 2 ) !important}}@media screen and (max-width:999px){.stk-2b806ef{padding-top:60px !important;padding-left:60px !important}}@media screen and (max-width:689px){.stk-2b806ef{padding-left:0px !important}}<\/style><div class=\"stk-column-wrapper stk-block-column__content stk-container stk-2b806ef-container stk--no-background stk--no-padding\"><div class=\"stk-block-content stk-inner-blocks stk-2b806ef-inner-blocks\">\n<div class=\"wp-block-stackable-text stk-block-text stk-block stk-3d7816f\" data-block-id=\"3d7816f\"><style>.stk-3d7816f{margin-bottom:70px !important}.stk-3d7816f .stk-block-text__text{font-size:28px !important;color:var(--theme-palette-color-4,#2C1E18) !important;line-height:1.5em !important;font-family:\"Outfit\",Sans-serif !important}@media screen and (max-width:999px){.stk-3d7816f{margin-bottom:40px !important}.stk-3d7816f .stk-block-text__text{font-size:20px !important}}<\/style><p class=\"stk-block-text__text has-text-color has-text-align-left has-text-align-center-mobile\">Apr\u00e8s une dizaine d&rsquo;ann\u00e9es dans le conseil aux DSI, j&rsquo;ai voulu proposer autre chose, concret, plus proche des gens et adapt\u00e9 au changement climatique. Apr\u00e8s un CAP \u00e0 l&rsquo;\u00e9cole Boulle, \u00e0 Paris, cet atelier en est l&rsquo;aboutissement.<\/p><\/div>\n<\/div><\/div><\/div>\n<\/div><\/div>\n\n\n\n<div class=\"wp-block-stackable-columns alignfull stk-block-columns stk-block stk-decea1d stk-block-background stk--has-background-overlay\" data-block-id=\"decea1d\"><style>.stk-decea1d{background-color:var(--theme-palette-color-4,#2C1E18) !important;background-image:url(https:\/\/nicolasbeau-ebeniste.com\/wp-content\/uploads\/2022\/09\/wood-texture.svg) !important;padding-top:100px !important;padding-bottom:100px !important;margin-bottom:0px !important}.stk-decea1d:before{background-color:var(--theme-palette-color-4,#2C1E18) !important;opacity:0.9 !important}@media screen and (max-width:999px){.stk-decea1d{padding-top:80px !important;padding-bottom:80px !important}}@media screen and (max-width:689px){.stk-decea1d{padding-top:60px !important;padding-bottom:60px !important}}<\/style><div class=\"stk-row stk-inner-blocks stk-block-content stk-content-align stk-decea1d-column\">\n<div class=\"wp-block-stackable-column stk-block-column stk-column stk-block stk-b6528ae\" data-v=\"4\" data-block-id=\"b6528ae\"><style>.stk-b6528ae-container{margin-top:0px !important;margin-right:0px !important;margin-bottom:0px !important;margin-left:0px !important}.stk-b6528ae{max-width:900px !important;margin-right:auto !important;margin-left:auto !important}<\/style><div class=\"stk-column-wrapper stk-block-column__content stk-container stk-b6528ae-container stk--no-background stk--no-padding\"><div class=\"stk-block-content stk-inner-blocks stk-b6528ae-inner-blocks\">\n<div class=\"wp-block-stackable-heading stk-block-heading stk-block-heading--v2 stk-block stk-c2738af\" id=\"un-atelier-dans-la-transition-ecologique\" data-block-id=\"c2738af\"><style>.stk-c2738af{margin-bottom:50px !important}.stk-c2738af .stk-block-heading__text{font-size:50px !important;color:var(--theme-palette-color-5,#F2EFE7) !important}@media screen and (max-width:999px){.stk-c2738af{margin-bottom:30px !important}.stk-c2738af .stk-block-heading__text{font-size:35px !important}}@media screen and (max-width:689px){.stk-c2738af{margin-bottom:30px !important}.stk-c2738af .stk-block-heading__text{font-size:30px !important}}<\/style><h2 class=\"stk-block-heading__text has-text-color has-text-align-center\">Un atelier dans la transition \u00e9cologique<\/h2><\/div>\n\n\n\n<div class=\"wp-block-stackable-text stk-block-text stk-block stk-b355028\" data-block-id=\"b355028\"><style>.stk-b355028 .stk-block-text__text{font-size:22px !important;color:var(--theme-palette-color-5,#F2EFE7) !important}@media screen and (max-width:999px){.stk-b355028 .stk-block-text__text{font-size:18px !important}}<\/style><p class=\"stk-block-text__text has-text-color has-text-align-justify\">La transition \u00e9cologique, sociale et solidaire nous concerne tous et toutes, des grandes r\u00e9formes nationales aux petits gestes du quotidien. Elle doit aussi s&rsquo;appliquer \u00e0 notre environnement personnel et professionnel : le bureau, la table du salon, le dressing, la d\u00e9co\u2026 Cet atelier essaie \u00e0 son \u00e9chelle de proposer des produits qui vont dans le sens de la transition : produits locaux, sans plastiques, r\u00e9parables\u2026<\/p><\/div>\n<\/div><\/div><\/div>\n<\/div><\/div>\n","protected":false},"excerpt":{"rendered":"<p>Nicolas Beau Artisan \u00e9b\u00e9niste \u00e0 Vernon Mobilier | Agencement | Objet d&rsquo;art contact@nicolasbeau-ebeniste.com | 06 27 77 80 68 Nos Valeurs R\u00e9alisations Apr\u00e8s une dizaine d&rsquo;ann\u00e9es dans le conseil aux DSI, j&rsquo;ai voulu proposer autre chose, concret, plus proche des gens et adapt\u00e9 au changement climatique. Apr\u00e8s un CAP \u00e0 l&rsquo;\u00e9cole Boulle, \u00e0 Paris, cet [&hellip;]<\/p>\n","protected":false},"author":1,"featured_media":0,"parent":0,"menu_order":0,"comment_status":"closed","ping_status":"closed","template":"","meta":{"footnotes":""},"class_list":["post-7","page","type-page","status-publish","hentry"],"blocksy_meta":{"styles_descriptor":{"styles":{"desktop":"","tablet":"","mobile":""},"google_fonts":[],"version":6},"page_title_panel":"","has_hero_section":"disabled","bb6008520b8b1d0a8f378205f93aee62":"","hero_section":"type-1","hero_elements":[{"id":"custom_title","enabled":true,"heading_tag":"h1","title":"Home"},{"id":"custom_description","enabled":true,"description_visibility":{"desktop":true,"tablet":true,"mobile":false}},{"id":"custom_meta","enabled":false,"meta_elements":[{"id":"author","enabled":true,"label":"By","has_author_avatar":"yes","avatar_size":25},{"id":"post_date","enabled":true,"label":"On","date_format_source":"default","date_format":"M j, Y"},{"id":"updated_date","enabled":false,"label":"On","date_format_source":"default","date_format":"M j, Y"},{"id":"categories","enabled":false,"label":"In","style":"simple"},{"id":"comments","enabled":true}],"page_meta_elements":{"joined":true,"articles_count":true,"comments":true}},{"id":"breadcrumbs","enabled":false}],"8c183de6511ed73514ff8f959cd96e05":"","hero_alignment1":"CT_CSS_SKIP_RULE","hero_margin":40,"hero_alignment2":"center","hero_vertical_alignment":"center","976b650bfa498fbea9f8553d36e226de":"","hero_structure":"narrow","bde1944b1b166e5b93db2d23eb2f77b2":"","page_title_bg_type":"featured_image","custom_hero_background":{"attachment_id":null},"page_title_image_size":"full","parallax":{"desktop":false,"tablet":false,"mobile":false},"4f4ceebe8276e53aaef69d7361d40624":"","hero_height":"250px","pageTitleFont":{"family":"Default","variation":"Default","size":"30px","line-height":"CT_CSS_SKIP_RULE","letter-spacing":"CT_CSS_SKIP_RULE","text-transform":"CT_CSS_SKIP_RULE","text-decoration":"CT_CSS_SKIP_RULE"},"pageTitleFontColor":{"default":{"color":"CT_CSS_SKIP_RULEDEFAULT"}},"pageMetaFont":{"family":"Default","variation":"n6","size":"12px","line-height":"1.3","letter-spacing":"CT_CSS_SKIP_RULE","text-transform":"uppercase","text-decoration":"CT_CSS_SKIP_RULE"},"pageMetaFontColor":{"default":{"color":"CT_CSS_SKIP_RULEDEFAULT"},"hover":{"color":"CT_CSS_SKIP_RULEDEFAULT"}},"page_meta_button_type_font_colors":{"default":{"color":"CT_CSS_SKIP_RULEDEFAULT"},"hover":{"color":"CT_CSS_SKIP_RULEDEFAULT"}},"page_meta_button_type_background_colors":{"default":{"color":"CT_CSS_SKIP_RULEDEFAULT"},"hover":{"color":"CT_CSS_SKIP_RULEDEFAULT"}},"pageExcerptFont":{"family":"Default","variation":"Default","size":"CT_CSS_SKIP_RULE","line-height":"CT_CSS_SKIP_RULE","letter-spacing":"CT_CSS_SKIP_RULE","text-transform":"CT_CSS_SKIP_RULE","text-decoration":"CT_CSS_SKIP_RULE"},"pageExcerptColor":{"default":{"color":"CT_CSS_SKIP_RULEDEFAULT"}},"breadcrumbsFont":{"family":"Default","variation":"Default","size":"CT_CSS_SKIP_RULE","line-height":"CT_CSS_SKIP_RULE","letter-spacing":"CT_CSS_SKIP_RULE","text-transform":"CT_CSS_SKIP_RULE","text-decoration":"CT_CSS_SKIP_RULE"},"breadcrumbsFontColor":{"default":{"color":"CT_CSS_SKIP_RULEDEFAULT"},"initial":{"color":"CT_CSS_SKIP_RULEDEFAULT"},"hover":{"color":"CT_CSS_SKIP_RULEDEFAULT"}},"pageTitleOverlay":{"background_type":"color","background_pattern":"type-1","background_image":{"attachment_id":null,"x":0,"y":0},"gradient":"linear-gradient(135deg,rgba(6,147,227,1) 0%,rgb(155,81,224) 100%)","background_repeat":"repeat","background_size":"auto","background_attachment":"scroll","patternColor":{"default":{"color":"#e5e7ea"}},"overlayColor":{"default":{"color":"CT_CSS_SKIP_RULE"}},"backgroundColor":{"default":{"color":"CT_CSS_SKIP_RULE"}}},"pageTitleBackground":{"background_type":"color","background_pattern":"type-1","background_image":{"attachment_id":null,"x":0,"y":0},"gradient":"linear-gradient(135deg,rgba(6,147,227,1) 0%,rgb(155,81,224) 100%)","background_repeat":"repeat","background_size":"auto","background_attachment":"scroll","patternColor":{"default":{"color":"#e5e7ea"}},"overlayColor":{"default":{"color":"CT_CSS_SKIP_RULE"}},"backgroundColor":{"default":{"color":"var(--theme-palette-color-6)"}}},"pageTitlePadding":{"top":"50px","bottom":"50px","left":"auto","right":"auto","linked":true},"ff87dc90a0613fbdc6607635e8dd778a":"","page_structure_type":"default","f40d3f58652fadc3d92d32facf756d03":"","content_style_source":"inherit","content_style":"wide","vertical_spacing_source":"custom","content_area_spacing":"none","background":{"background_type":"color","background_pattern":"type-1","background_image":{"attachment_id":null,"x":0,"y":0},"gradient":"linear-gradient(135deg,rgba(6,147,227,1) 0%,rgb(155,81,224) 100%)","background_repeat":"repeat","background_size":"auto","background_attachment":"scroll","patternColor":{"default":{"color":"#e5e7ea"}},"overlayColor":{"default":{"color":"CT_CSS_SKIP_RULE"}},"backgroundColor":{"default":{"color":"CT_CSS_SKIP_RULE"}}},"content_background":{"background_type":"color","background_pattern":"type-1","background_image":{"attachment_id":null,"x":0,"y":0},"gradient":"linear-gradient(135deg,rgba(6,147,227,1) 0%,rgb(155,81,224) 100%)","background_repeat":"repeat","background_size":"auto","background_attachment":"scroll","patternColor":{"default":{"color":"#e5e7ea"}},"overlayColor":{"default":{"color":"CT_CSS_SKIP_RULE"}},"backgroundColor":{"default":{"color":"var(--theme-palette-color-8)"}}},"content_boxed_shadow":{"inherit":false,"blur":18,"spread":-6,"v_offset":12,"h_offset":0,"inset":false,"enable":true,"color":{"color":"rgba(34, 56, 101, 0.04)"}},"content_boxed_border":{"width":1,"style":"none","color":{"color":"rgba(44,62,80,0.2)"}},"content_boxed_radius":{"top":"3px","bottom":"3px","left":"3px","right":"3px","linked":true},"boxed_content_spacing":{"desktop":{"top":"40px","bottom":"40px","left":"40px","right":"40px","linked":true},"tablet":{"top":"35px","bottom":"35px","left":"35px","right":"35px","linked":true},"mobile":{"top":"20px","bottom":"20px","left":"20px","right":"20px","linked":true}},"da0bf0fbabc673da3b33001ccc9778a1":"","disable_featured_image":"no","disable_share_box":"no","disable_header":"no","disable_footer":"no"},"_links":{"self":[{"href":"https:\/\/nicolasbeau-ebeniste.com\/index.php\/wp-json\/wp\/v2\/pages\/7","targetHints":{"allow":["GET"]}}],"collection":[{"href":"https:\/\/nicolasbeau-ebeniste.com\/index.php\/wp-json\/wp\/v2\/pages"}],"about":[{"href":"https:\/\/nicolasbeau-ebeniste.com\/index.php\/wp-json\/wp\/v2\/types\/page"}],"author":[{"embeddable":true,"href":"https:\/\/nicolasbeau-ebeniste.com\/index.php\/wp-json\/wp\/v2\/users\/1"}],"replies":[{"embeddable":true,"href":"https:\/\/nicolasbeau-ebeniste.com\/index.php\/wp-json\/wp\/v2\/comments?post=7"}],"version-history":[{"count":15,"href":"https:\/\/nicolasbeau-ebeniste.com\/index.php\/wp-json\/wp\/v2\/pages\/7\/revisions"}],"predecessor-version":[{"id":528,"href":"https:\/\/nicolasbeau-ebeniste.com\/index.php\/wp-json\/wp\/v2\/pages\/7\/revisions\/528"}],"wp:attachment":[{"href":"https:\/\/nicolasbeau-ebeniste.com\/index.php\/wp-json\/wp\/v2\/media?parent=7"}],"curies":[{"name":"wp","href":"https:\/\/api.w.org\/{rel}","templated":true}]}}